{"id":24,"date":"2018-04-03T15:30:29","date_gmt":"2018-04-03T15:30:29","guid":{"rendered":"http:\/\/untergaarden.com\/a-propos-de\/"},"modified":"2018-12-18T16:41:34","modified_gmt":"2018-12-18T16:41:34","slug":"a-propos","status":"publish","type":"page","link":"https:\/\/untergaarden.com\/en\/a-propos\/","title":{"rendered":"WhoAreWe ?"},"content":{"rendered":"<p><img loading=\"lazy\" decoding=\"async\" class=\"alignnone wp-image-1606 size-full\" src=\"http:\/\/www.untergaarden.com\/content\/uploads\/2018\/12\/01-PAGE-PERSO.UK_.1000px.png\" alt=\"\" width=\"1000\" height=\"1780\" srcset=\"https:\/\/untergaarden.com\/content\/uploads\/2018\/12\/01-PAGE-PERSO.UK_.1000px.png 1000w, https:\/\/untergaarden.com\/content\/uploads\/2018\/12\/01-PAGE-PERSO.UK_.1000px-169x300.png 169w, https:\/\/untergaarden.com\/content\/uploads\/2018\/12\/01-PAGE-PERSO.UK_.1000px-768x1367.png 768w, https:\/\/untergaarden.com\/content\/uploads\/2018\/12\/01-PAGE-PERSO.UK_.1000px-575x1024.png 575w\" sizes=\"auto, (max-width: 1000px) 100vw, 1000px\" \/><\/p>\n<p><a href=\"http:\/\/www.untergaarden.com\/tag\/untergaarden\/\"><img loading=\"lazy\" decoding=\"async\" class=\"alignnone wp-image-1290 size-full\" src=\"http:\/\/www.untergaarden.com\/content\/uploads\/2018\/10\/01-PERSOS-Vignettes-Typo-850-x-3920001-1.png\" alt=\"Untergaarden, cheveux au vent\" width=\"850\" height=\"392\" srcset=\"https:\/\/untergaarden.com\/content\/uploads\/2018\/10\/01-PERSOS-Vignettes-Typo-850-x-3920001-1.png 850w, https:\/\/untergaarden.com\/content\/uploads\/2018\/10\/01-PERSOS-Vignettes-Typo-850-x-3920001-1-300x138.png 300w, https:\/\/untergaarden.com\/content\/uploads\/2018\/10\/01-PERSOS-Vignettes-Typo-850-x-3920001-1-768x354.png 768w\" sizes=\"auto, (max-width: 850px) 100vw, 850px\" \/><\/a><br \/>\nAbsolute fan of <a href=\"https:\/\/www.youtube.com\/user\/doctorwho\">Dr Who<\/a> (<a href=\"http:\/\/doctorwho.answers.wikia.com\/wiki\/What_is_the_RTD_era\">RTD era<\/a>) and <a href=\"https:\/\/www.davidbowie.com\">David Bowie<\/a> (<a href=\"http:\/\/read.tidal.com\/article\/changes-the-many-faces-of-david-bowie-best-of-2016\">any era<\/a>), she cast off to feel in her hair the fresh wind of the adventure. <a href=\"https:\/\/www.youtube.com\/watch?v=i2gaLrJgWd0\">Whatever the weather<\/a>. Particular Sign: Reads far too much manga.<\/p>\n<p><a href=\"http:\/\/www.untergaarden.com\/tag\/blog\/\"><img loading=\"lazy\" decoding=\"async\" class=\"alignnone wp-image-1282 size-full\" src=\"http:\/\/www.untergaarden.com\/content\/uploads\/2018\/10\/01-PERSOS-Vignettes-Typo-850-x-3920002.png\" alt=\"Blog, bras crois\u00e9s d\u00e9fend son mantra : Blog Is Not Dead ! \" width=\"850\" height=\"392\" srcset=\"https:\/\/untergaarden.com\/content\/uploads\/2018\/10\/01-PERSOS-Vignettes-Typo-850-x-3920002.png 850w, https:\/\/untergaarden.com\/content\/uploads\/2018\/10\/01-PERSOS-Vignettes-Typo-850-x-3920002-300x138.png 300w, https:\/\/untergaarden.com\/content\/uploads\/2018\/10\/01-PERSOS-Vignettes-Typo-850-x-3920002-768x354.png 768w\" sizes=\"auto, (max-width: 850px) 100vw, 850px\" \/><\/a><\/p>\n<p>Often <a href=\"http:\/\/untergaarden.blogg.org\">neglected<\/a>, never <a href=\"https:\/\/untergaarden.tumblr.com\">forgotten<\/a>, BLOG is Untergaarden&#8217;s beloved pet.<\/p>\n<p>Particular Sign: Survives everything.<\/p>\n<h1><a href=\"http:\/\/www.untergaarden.com\/tag\/badmonkey\/\"><img loading=\"lazy\" decoding=\"async\" class=\"alignnone wp-image-1283 size-full\" src=\"http:\/\/www.untergaarden.com\/content\/uploads\/2018\/10\/01-PERSOS-Vignettes-Typo-850-x-3920003.png\" alt=\"BadMonkey et ses petits singes, en train de faire des cr\u00eapes, elle a l'air de mauvaise humeur\" width=\"850\" height=\"392\" srcset=\"https:\/\/untergaarden.com\/content\/uploads\/2018\/10\/01-PERSOS-Vignettes-Typo-850-x-3920003.png 850w, https:\/\/untergaarden.com\/content\/uploads\/2018\/10\/01-PERSOS-Vignettes-Typo-850-x-3920003-300x138.png 300w, https:\/\/untergaarden.com\/content\/uploads\/2018\/10\/01-PERSOS-Vignettes-Typo-850-x-3920003-768x354.png 768w\" sizes=\"auto, (max-width: 850px) 100vw, 850px\" \/><\/a><\/h1>\n<p>* A.K.A The BOSS. Untergaarden&#8217;s irascible cousin, she&#8217;s the one who put the pancakes on the table since Untergaarden left his job. In return, she never hesitates to reduce her to slavery.<\/p>\n<p>Particular sign: has particularly silky hair.<\/p>\n<p><a href=\"http:\/\/www.untergaarden.com\/tag\/julius-karmitz\/\"><img loading=\"lazy\" decoding=\"async\" class=\"alignnone wp-image-1284 size-full\" src=\"http:\/\/www.untergaarden.com\/content\/uploads\/2018\/10\/01-PERSOS-Vignettes-Typo-850-x-3920004.png\" alt=\"Julius \u00e0 son bureau, s\u00e9rieux comme toujours avec ses cheveux bien coiff\u00e9s et sa cravate\" width=\"850\" height=\"392\" srcset=\"https:\/\/untergaarden.com\/content\/uploads\/2018\/10\/01-PERSOS-Vignettes-Typo-850-x-3920004.png 850w, https:\/\/untergaarden.com\/content\/uploads\/2018\/10\/01-PERSOS-Vignettes-Typo-850-x-3920004-300x138.png 300w, https:\/\/untergaarden.com\/content\/uploads\/2018\/10\/01-PERSOS-Vignettes-Typo-850-x-3920004-768x354.png 768w\" sizes=\"auto, (max-width: 850px) 100vw, 850px\" \/><\/a><\/p>\n<p>* A.K.A Mystery Man! Do not be fooled by his so wise and angelic apparence ! Bank employee during the day, he decided to spend his nights writing deviant comics with Untergaarden. The thin line between courage and stupidity is decidedly very thin.<\/p>\n<p>Particular sign: Virgin.<\/p>\n<h1><a href=\"http:\/\/www.untergaarden.com\/tag\/pablo\/\"><img loading=\"lazy\" decoding=\"async\" class=\"alignnone wp-image-1285 size-full\" src=\"http:\/\/www.untergaarden.com\/content\/uploads\/2018\/10\/01-PERSOS-Vignettes-Typo-850-x-3920005.png\" alt=\"Pablo prend sa pose de mec cool. Il se la joue un peu en fait\" width=\"850\" height=\"392\" srcset=\"https:\/\/untergaarden.com\/content\/uploads\/2018\/10\/01-PERSOS-Vignettes-Typo-850-x-3920005.png 850w, https:\/\/untergaarden.com\/content\/uploads\/2018\/10\/01-PERSOS-Vignettes-Typo-850-x-3920005-300x138.png 300w, https:\/\/untergaarden.com\/content\/uploads\/2018\/10\/01-PERSOS-Vignettes-Typo-850-x-3920005-768x354.png 768w\" sizes=\"auto, (max-width: 850px) 100vw, 850px\" \/><\/a><\/h1>\n<p>Inveterate layabout and great lover of any psychedelic substances, Pablo lives with the winds, the inspiration and the packet of potato chips that Untergaarden shares from time to time with him.<\/p>\n<p>Special sign: He does not possess any mobile phone and disturbs computers when he approaches them. Well, at least, that&#8217;s what he pretends.<\/p>\n<h1><a href=\"http:\/\/www.untergaarden.com\/tag\/clara-h\/\"><img loading=\"lazy\" decoding=\"async\" class=\"alignnone wp-image-1287 size-full\" src=\"http:\/\/www.untergaarden.com\/content\/uploads\/2018\/10\/01-PERSOS-Vignettes-Typo-850-x-3920007.png\" alt=\"Clara affiche la couleur : le travail c'est toute sa vie \" width=\"850\" height=\"392\" srcset=\"https:\/\/untergaarden.com\/content\/uploads\/2018\/10\/01-PERSOS-Vignettes-Typo-850-x-3920007.png 850w, https:\/\/untergaarden.com\/content\/uploads\/2018\/10\/01-PERSOS-Vignettes-Typo-850-x-3920007-300x138.png 300w, https:\/\/untergaarden.com\/content\/uploads\/2018\/10\/01-PERSOS-Vignettes-Typo-850-x-3920007-768x354.png 768w\" sizes=\"auto, (max-width: 850px) 100vw, 850px\" \/><\/a><\/h1>\n<p>Former colleague of Untergaarden, she&#8217;s still working her ass of at the office while Untergaarden does whatever she wants wherever she wants. Clara comes to the studio after work, around 23H, and still dreams of escaping to her workaholic condition, \u00a0one day or another.<\/p>\n<p>Special sign: she has a record on everyone<\/p>\n<h1><a href=\"http:\/\/www.untergaarden.com\/tag\/elvira\/\"><img loading=\"lazy\" decoding=\"async\" class=\"alignnone wp-image-1288 size-full\" src=\"http:\/\/www.untergaarden.com\/content\/uploads\/2018\/10\/01-PERSOS-Vignettes-Typo-850-x-3920008.png\" alt=\"Elvira, \u00e0 force de faire sa maline, s'est fait quelques ennemies. \" width=\"850\" height=\"392\" srcset=\"https:\/\/untergaarden.com\/content\/uploads\/2018\/10\/01-PERSOS-Vignettes-Typo-850-x-3920008.png 850w, https:\/\/untergaarden.com\/content\/uploads\/2018\/10\/01-PERSOS-Vignettes-Typo-850-x-3920008-300x138.png 300w, https:\/\/untergaarden.com\/content\/uploads\/2018\/10\/01-PERSOS-Vignettes-Typo-850-x-3920008-768x354.png 768w\" sizes=\"auto, (max-width: 850px) 100vw, 850px\" \/><\/a><\/h1>\n<p>Elvira est pr\u00eate \u00e0 tout pour \u00eatre mannequin: poses improbables, partenaires animaliers, tenues de l&#8217;extr\u00eame. Le cot\u00e9 cool c&#8217;est qu&#8217;elle a toujours plein d&#8217;anecdotes \u00e0 raconter.<\/p>\n<p>Signe particulier : A rencontr\u00e9 Untergaarden sur un shooting o\u00f9 elle faisait du body painting.<\/p>\n<p>Elvira believes she has a bright topmodel future ahead, and she&#8217;s ready for anything to reach it ! improbable postures, animal partners, crazy outfits. The bright side of all this shit is that she&#8217;s never short of silly anecdotes.<\/p>\n<p>Special sign: She mets Untergaarden on a shoot where she was doing body painting.<\/p>\n<h1><a href=\"http:\/\/www.untergaarden.com\/tag\/jarvis-gluck\/\"><img loading=\"lazy\" decoding=\"async\" class=\"alignnone wp-image-1286 size-full\" src=\"http:\/\/www.untergaarden.com\/content\/uploads\/2018\/10\/01-PERSOS-Vignettes-Typo-850-x-3920006.png\" alt=\"Jarvis s'est encore couvert de peinture jaune et son homard le fuit. Quel gar\u00e7on infr\u00e9quentable\" width=\"850\" height=\"392\" srcset=\"https:\/\/untergaarden.com\/content\/uploads\/2018\/10\/01-PERSOS-Vignettes-Typo-850-x-3920006.png 850w, https:\/\/untergaarden.com\/content\/uploads\/2018\/10\/01-PERSOS-Vignettes-Typo-850-x-3920006-300x138.png 300w, https:\/\/untergaarden.com\/content\/uploads\/2018\/10\/01-PERSOS-Vignettes-Typo-850-x-3920006-768x354.png 768w\" sizes=\"auto, (max-width: 850px) 100vw, 850px\" \/><\/a><\/h1>\n<p>Mercenary artist with dubious origins, Jarvis likes to spend time in the studio, to tell horrible stories, to take a nap or to simply recruit small hands to finish his paintings.<\/p>\n<p>Special Sign: always walk around with Blaise, his familiar lobster.<\/p>\n","protected":false},"excerpt":{"rendered":"<p>Absolute fan of Dr Who (RTD era) and David Bowie (any era), she cast off to feel in her hair the fresh wind of the adventure. Whatever the weather. Particular Sign: Reads far too much manga. Often neglected, never forgotten, BLOG is Untergaarden&#8217;s beloved pet. Particular Sign: Survives everything. * A.K.A The BOSS. Untergaarden&#8217;s irascible [&hellip;]<\/p>\n","protected":false},"author":1,"featured_media":0,"parent":0,"menu_order":0,"comment_status":"closed","ping_status":"closed","template":"","meta":{"_acf_changed":false,"footnotes":""},"class_list":["post-24","page","type-page","status-publish","hentry"],"acf":[],"_links":{"self":[{"href":"https:\/\/untergaarden.com\/en\/wp-json\/wp\/v2\/pages\/24","targetHints":{"allow":["GET"]}}],"collection":[{"href":"https:\/\/untergaarden.com\/en\/wp-json\/wp\/v2\/pages"}],"about":[{"href":"https:\/\/untergaarden.com\/en\/wp-json\/wp\/v2\/types\/page"}],"author":[{"embeddable":true,"href":"https:\/\/untergaarden.com\/en\/wp-json\/wp\/v2\/users\/1"}],"replies":[{"embeddable":true,"href":"https:\/\/untergaarden.com\/en\/wp-json\/wp\/v2\/comments?post=24"}],"version-history":[{"count":7,"href":"https:\/\/untergaarden.com\/en\/wp-json\/wp\/v2\/pages\/24\/revisions"}],"predecessor-version":[{"id":1663,"href":"https:\/\/untergaarden.com\/en\/wp-json\/wp\/v2\/pages\/24\/revisions\/1663"}],"wp:attachment":[{"href":"https:\/\/untergaarden.com\/en\/wp-json\/wp\/v2\/media?parent=24"}],"curies":[{"name":"wp","href":"https:\/\/api.w.org\/{rel}","templated":true}]}}